{"id":1594,"date":"2022-01-19T00:22:10","date_gmt":"2022-01-19T00:22:10","guid":{"rendered":"https:\/\/spanishtimezone.com\/?page_id=1594"},"modified":"2022-02-13T23:03:05","modified_gmt":"2022-02-13T23:03:05","slug":"lessons","status":"publish","type":"page","link":"https:\/\/spanishtimezone.com\/de\/lessons\/","title":{"rendered":"SPRACHPROGRAMME"},"content":{"rendered":"<figure class=\"wp-block-image\"><img src=\"https:\/\/spanishtimezone.com\/wp-content\/uploads\/2022\/02\/fondobueno.jpg\" alt=\"\"\/><\/figure>\n\n\n\n<p class=\"has-black-color has-background-color-background-color has-text-color has-background\" style=\"font-size:39px\"><strong>Welche Sprachprogramme bieten wir an?<\/strong><\/p>\n\n\n\n<p class=\"has-black-color has-text-color\"><strong>Derzeit bieten wir folgende Sprachabonnementprogramme an:<\/strong><\/p>\n\n\n\n<p class=\"has-black-color has-text-color has-background\" style=\"background-color:#a4e6fa;font-size:22px\">SPIELEN UND LERNEN MIT SPANISCH <\/p>\n\n\n\n<p class=\"has-black-color has-text-color\"><strong>SPIELEN UND LERNEN MIT SPANISCH  <\/strong>ist eine Mitgliedschaft, die beinhaltet<strong> BEGRENZTE SPIELERLEBNISSE <\/strong>(Lernende, die Spanisch von Grund auf lernen m\u00f6chten, Grundniveau, Mittelniveau oder Fortgeschrittenenniveau) <strong>kombiniert mit Unterricht, um Spanisch zu lernen, zu verbessern und zu sprechen!<\/strong><\/p>\n\n\n\n<p class=\"has-black-color has-text-color\"><strong>1. DAUER DER MITGLIEDSCHAFT:<\/strong> Die Mitgliedschaft dauert nur einen Monat.  <\/p>\n\n\n\n<p class=\"has-black-color has-text-color\"><strong>2. PROGRAMMPLAN:<\/strong> Dies ist ein Sprachprogramm, das Sie haben <strong>Online-Privatunterricht f\u00fcr eine Stunde von Montag bis Donnerstag + 2 Stunden Spielerlebnisse samstags oder sonntags. <\/strong> Spielerlebnisse sind ein Thema in Bezug auf Ihren Lernplan w\u00e4hrend eines Monats, bei dem Sie nur Memory, Stop, The Hanger, Domino und andere lustige Spiele spielen, um Spanisch zu lernen. Der Unterricht wird von einem muttersprachlichen Spanischlehrer gehalten und ein spanischer Monitor wird die Spiele anleiten, die auch in Gruppen mit anderen Klassenkameraden stattfinden k\u00f6nnen.<\/p>\n\n\n\n<p class=\"has-black-color has-text-color\"><strong>3. PUNKTESAMMELUNG: <\/strong> Durch unterhaltsame Lektionen, Herausforderungen und Spiele haben Sie die M\u00f6glichkeit, Punkte zu sammeln, um nach 6-monatiger Mitgliedschaft einen \u00dcberraschungspreis zu gewinnen. <\/p>\n\n\n\n<p class=\"has-black-color has-text-color\"><strong>4. KEINE REGISTRIERUNGSGEB\u00dcHR: <\/strong>Jedes studentische Mitglied kann entscheiden, die Mitgliedschaft nach einem Monat zu verl\u00e4ngern oder nicht, ohne jeden Monat zus\u00e4tzliche Geb\u00fchren zu zahlen. Nachdem das Spanishtimezone-Mitglied die Registrierung im Spanishtimezone-Club abgeschlossen hat, hat das Mitglied die M\u00f6glichkeit, die Mitgliedschaft zu verl\u00e4ngern oder nicht.<\/p>\n\n\n\n<p class=\"has-normal-font-size\"><strong>5. N\u00c4CHSTES ABO:<\/strong>  Ab sofort ist ein einmonatiger Online-Unterricht in Kombination mit Spielen f\u00fcr Spanisch-Lernende auf mittlerem Niveau oder f\u00fcr Spanisch von Grund auf verf\u00fcgbar. Los geht es am Dienstag, 29. M\u00e4rz 2022. Anmeldeschluss: Dienstag, 16. M\u00e4rz 2022                                                                                                                <\/p>\n\n\n\n<p class=\"has-text-color has-normal-font-size\" style=\"color:#02435f\">PREIS: $450 CAD (STEUERN INKLUSIVE) oder $311 EURO (STEUERN INKLUSIVE)<\/p>\n\n\n\n<p class=\"has-accent-color has-text-color has-normal-font-size\">VERKAUFSPREIS: $390 CAD (STEUERN INKLUSIVE) oder $269 EURO (STEUERN INKLUSIVE)<\/p>\n\n\n\n<p>                       <\/p>\n\n\n\n<p class=\"has-black-color has-text-color has-background\" style=\"background-color:#faf738;font-size:23px\"><strong>SPANISHTIMEZONE CLUB PREMIUM<\/strong><\/p>\n\n\n\n<p class=\"has-black-color has-text-color\"><strong>SPANISHTIMEZONE CLUB PREMIUM <\/strong>ist eine Mitgliedschaft, die beinhaltet <strong>UNBEGRENZTE SPANISCHE ERLEBNISSE <\/strong>(nur f\u00fcr Mittelstufe oder Fortgeschrittene) <strong>kombiniert mit Unterricht <\/strong>um durch Spiele, Workshops, Aktivit\u00e4ten und Unterricht auf die lustigste Art und Weise, die Sie jemals kennen, Spanisch zu verbessern und mehr Spanisch zu sprechen!&nbsp;<\/p>\n\n\n\n<p class=\"has-black-color has-text-color\"><strong>1. DAUER DER MITGLIEDSCHAFT:<\/strong> Die Mitgliedschaft dauert zwei Monate. <\/p>\n\n\n\n<p class=\"has-black-color has-text-color\"><strong>2. FLEXIBLER ZEITPLAN:<\/strong> Premium-Mitglieder des Spanishtimezone Clubs k\u00f6nnen alle Privat- oder Gruppenerlebnisse f\u00fcr Mittelstufe oder Fortgeschrittene in zwei Monaten genie\u00dfen, kombiniert mit Privatunterricht in der Woche. So kann jeder einfacher, schneller und auf unterhaltsame Weise lernen! Mitglieder k\u00f6nnen an allen spanischen Erlebnissen, Spielen, Veranstaltungen, Mal- und Kochworkshops teilnehmen. Es gibt<strong> 40 Stunden Privatunterricht<\/strong> <strong>w\u00e4hrend des 2-Monats-Abonnements. Jede Lektion dauert 30 Minuten oder 1 Stunde, je nach Verf\u00fcgbarkeit zwischen Sch\u00fcler und Lehrer w\u00e4hrend des 2-Monats-Abonnements.<\/strong>&nbsp;Um das Spanischniveau bestm\u00f6glich zu erlernen und zu verbessern, m\u00fcssen die Sch\u00fcler unserer Mitglieder an allen gew\u00fcnschten Erfahrungen teilnehmen und jede Woche an allen Privatstunden teilnehmen.  <\/p>\n\n\n\n<p class=\"has-black-color has-text-color\"><strong>3. PRIVATUNTERRICHT: <\/strong>Bei den Online-Lektionen handelt es sich ausschlie\u00dflich um Privatstunden, die \u00fcber Skype unterrichtet werden und personalisiert sind. Die Spanischerlebnisse, Workshops, Veranstaltungen oder Spiele k\u00f6nnen privat oder in Gruppen mit anderen Klassenkameraden oder Teilnehmern stattfinden.<\/p>\n\n\n\n<p class=\"has-black-color has-text-color\"><strong>4. UNBEGRENZTE SPANISCHE ERLEBNISSE: <\/strong>Mitglieder k\u00f6nnen mit ihrer Spanishtimezone-Premiumkarte an allen gew\u00fcnschten Erlebnissen teilnehmen, ohne Einschr\u00e4nkungen oder zus\u00e4tzliche Zahlungsgeb\u00fchren w\u00e4hrend ihres 2-Monats-Abonnements.<strong> <\/strong>Alle Erfahrungen, Veranstaltungen, Spiele oder Workshops helfen dabei, mehr Spanisch zu lernen, und der Privatlehrer wird Sie dabei auf die am besten geeignete Weise begleiten. Der Spanishtimezone-Mitgliedsclub wird derjenige sein, der die Erfahrungen ausw\u00e4hlt, und der Lehrer wird sie durch die Hausaufgaben f\u00fchren. <\/p>\n\n\n\n<p class=\"has-black-color has-text-color\"><strong>5. PUNKTESAMMELUNG:<\/strong> Nach einem 6-monatigen Abonnement k\u00f6nnen nur Mitglieder des Spanishtimezone-Premiumclubs Punkte sammeln, um an unseren Spanishtimezone-Spielen teilzunehmen (weitere Informationen finden Sie in unserem Abschnitt \u201eSpanishtimezone-Spiele\u201c). Durch eine unterhaltsame Online-Veranstaltung, die von einem Monitor geleitet wird, haben Sie die M\u00f6glichkeit, Punkte zu sammeln, um zu den Spanishtimezone-Spielen eingeladen zu werden, die wir jedes Semester organisieren, und durch die Wetten \u00dcberraschungspreise und Geld zu gewinnen.<\/p>\n\n\n\n<p class=\"has-black-color has-text-color\">durch Herausforderungen oder Hausaufgaben in allen Erlebnissen, Workshops oder Spielen.<\/p>\n\n\n\n<p class=\"has-black-color has-text-color\"><strong>6. S<strong>PANISHTIMEZONE CLUB PREMIUM<\/strong><\/strong> <strong>KARTE:  <\/strong>Mitglieder erhalten eine virtuelle Karte mit einem Code, den sie beliebig oft ausdrucken k\u00f6nnen, um w\u00e4hrend der Mitgliedschaft frei an pers\u00f6nlichen Erlebnissen teilzunehmen. F\u00fcr Online-Erlebnisse m\u00fcssen Mitglieder von Spanishtimezone lediglich die virtuelle Karte, an der sie teilnehmen m\u00f6chten, erw\u00e4hnen, best\u00e4tigen und erneut an team@spanishtimezone.com senden.<strong> <\/strong><\/p>\n\n\n\n<p class=\"has-black-color has-text-color\"><strong>7. KEINE REGISTRIERUNGSGEB\u00dcHR: <\/strong>Jedes studentische Mitglied kann entscheiden, die Mitgliedschaft nach 2 Monaten zu verl\u00e4ngern oder nicht, ohne jeden Monat zus\u00e4tzliche Geb\u00fchren zu zahlen. Nachdem das Spanishtimezone-Mitglied die Registrierung im Spanishtimezone-Club abgeschlossen hat, hat das Mitglied die M\u00f6glichkeit, die Mitgliedschaft zu verl\u00e4ngern oder nicht.<\/p>\n\n\n\n<p class=\"has-black-color has-text-color\" id=\"block-b435fed4-5fba-4c27-840d-e33450ba1285\"><strong>8.<\/strong> <strong>N\u00c4CHSTE<\/strong> <strong>ABONNEMENT<\/strong>: AUSVERKAUFT. Der Premium-Mitgliedschaftsclub von Spanishtimezone startet wieder am 1. Mai 2022. <strong><br><\/strong><\/p>\n\n\n\n<p class=\"has-text-color\" id=\"block-b435fed4-5fba-4c27-840d-e33450ba1285\" style=\"color:#02435f\">GESAMTABONNEMENT F\u00dcR SPANISHTIMEZONE CLUB PREMIUM: $2030 CAD (STEUERN INKLUSIVE) oder $1404 EURO (STEUERN INKLUSIVE)<\/p>\n\n\n\n<p class=\"has-accent-color has-text-color\">VERKAUFSPREIS: $1950 CAD (STEUERN INKLUSIVE) oder $1349 EURO (STEUERN INKLUSIVE)<\/p>","protected":false},"excerpt":{"rendered":"<p>What kind of language programs do we offer? We currently offer the following language subscription programs: PLAYING AND LEARNING WITH SPANISH PLAYING AND LEARNING WITH SPANISH is a membership which includes LIMITED GAMES EXPERIENCES (Learners who want learn Spanish from the scratch, basic level, intermediate level or advanced level) combined [&hellip;]<\/p>\n","protected":false},"author":1,"featured_media":0,"parent":0,"menu_order":0,"comment_status":"closed","ping_status":"closed","template":"","meta":{"nf_dc_page":"","_monsterinsights_skip_tracking":false,"_monsterinsights_sitenote_active":false,"_monsterinsights_sitenote_note":"","_monsterinsights_sitenote_category":0},"_links":{"self":[{"href":"https:\/\/spanishtimezone.com\/de\/wp-json\/wp\/v2\/pages\/1594"}],"collection":[{"href":"https:\/\/spanishtimezone.com\/de\/wp-json\/wp\/v2\/pages"}],"about":[{"href":"https:\/\/spanishtimezone.com\/de\/wp-json\/wp\/v2\/types\/page"}],"author":[{"embeddable":true,"href":"https:\/\/spanishtimezone.com\/de\/wp-json\/wp\/v2\/users\/1"}],"replies":[{"embeddable":true,"href":"https:\/\/spanishtimezone.com\/de\/wp-json\/wp\/v2\/comments?post=1594"}],"version-history":[{"count":91,"href":"https:\/\/spanishtimezone.com\/de\/wp-json\/wp\/v2\/pages\/1594\/revisions"}],"predecessor-version":[{"id":2478,"href":"https:\/\/spanishtimezone.com\/de\/wp-json\/wp\/v2\/pages\/1594\/revisions\/2478"}],"wp:attachment":[{"href":"https:\/\/spanishtimezone.com\/de\/wp-json\/wp\/v2\/media?parent=1594"}],"curies":[{"name":"wp","href":"https:\/\/api.w.org\/{rel}","templated":true}]}}